{"id":10,"date":"2024-06-03T16:49:30","date_gmt":"2024-06-03T16:49:30","guid":{"rendered":"https:\/\/grupoabiz.com\/?page_id=10"},"modified":"2024-06-03T18:38:44","modified_gmt":"2024-06-03T18:38:44","slug":"inicio","status":"publish","type":"page","link":"https:\/\/grupoabiz.com\/","title":{"rendered":"Grupo Abiz"},"content":{"rendered":"\t\t<div data-elementor-type=\"wp-page\" data-elementor-id=\"10\" class=\"elementor elementor-10\">\n\t\t\t\t<div class=\"elementor-element elementor-element-cedc4de e-flex e-con-boxed e-con e-parent\" data-id=\"cedc4de\" data-element_type=\"container\">\n\t\t\t\t\t<div class=\"e-con-inner\">\n\t\t\t\t<div class=\"elementor-element elementor-element-12ab0a43 elementor-drop-cap-yes elementor-drop-cap-view-default elementor-widget elementor-widget-text-editor\" data-id=\"12ab0a43\" data-element_type=\"widget\" data-settings=\"{&quot;drop_cap&quot;:&quot;yes&quot;}\" data-widget_type=\"text-editor.default\">\n\t\t\t\t<div class=\"elementor-widget-container\">\n\t\t\t<style>\/*! elementor - v3.21.0 - 26-05-2024 *\/\n.elementor-widget-text-editor.elementor-drop-cap-view-stacked .elementor-drop-cap{background-color:#69727d;color:#fff}.elementor-widget-text-editor.elementor-drop-cap-view-framed .elementor-drop-cap{color:#69727d;border:3px solid;background-color:transparent}.elementor-widget-text-editor:not(.elementor-drop-cap-view-default) .elementor-drop-cap{margin-top:8px}.elementor-widget-text-editor:not(.elementor-drop-cap-view-default) .elementor-drop-cap-letter{width:1em;height:1em}.elementor-widget-text-editor .elementor-drop-cap{float:left;text-align:center;line-height:1;font-size:50px}.elementor-widget-text-editor .elementor-drop-cap-letter{display:inline-block}<\/style>\t\t\t\t<p><!-- wp:group {\"layout\":{\"type\":\"constrained\"}} --><\/p>\n<div class=\"wp-block-group\">\n<p><!-- wp:cover {\"url\":\"https:\/\/grupoabiz.com\/wp-content\/uploads\/2024\/06\/image.jpeg\",\"id\":36,\"alt\":\"La imagen tiene un atributo ALT vac\u00edo; su nombre de archivo es Gaviones-3-1024x768.jpg\",\"dimRatio\":50,\"style\":{\"color\":{}}} --><\/p>\n<div class=\"wp-block-cover\">\n<p><img fetchpriority=\"high\" decoding=\"async\" width=\"1024\" height=\"768\" class=\"wp-block-cover__image-background wp-image-36\" src=\"https:\/\/grupoabiz.com\/wp-content\/uploads\/2024\/06\/image.jpeg\" alt=\"La imagen tiene un atributo ALT vac\u00edo; su nombre de archivo es Gaviones-3-1024x768.jpg\" data-object-fit=\"cover\" srcset=\"https:\/\/grupoabiz.com\/wp-content\/uploads\/2024\/06\/image.jpeg 1024w, https:\/\/grupoabiz.com\/wp-content\/uploads\/2024\/06\/image-300x225.jpeg 300w, https:\/\/grupoabiz.com\/wp-content\/uploads\/2024\/06\/image-768x576.jpeg 768w\" sizes=\"(max-width: 1024px) 100vw, 1024px\" \/><\/p>\n<div class=\"wp-block-cover__inner-container\">\n<p><!-- wp:paragraph {\"align\":\"center\",\"fontSize\":\"large\"} --><\/p>\n<p class=\"has-text-align-center has-large-font-size\">ESPECIALISTAS EN SISTEMA DE CONTENCI\u00d3N<\/p>\n<\/div>\n<\/div>\n<\/div>\n<div class=\"wp-block-group\">\n<div class=\"wp-block-group\">\n<p><!-- \/wp:paragraph --><\/p>\n<p><!-- wp:paragraph --><\/p>\n<p><!-- \/wp:paragraph --><\/p>\n<\/div>\n<p><!-- \/wp:group --><\/p>\n<\/div>\n<p><!-- \/wp:group --><\/p>\t\t\t\t\t\t<\/div>\n\t\t\t\t<\/div>\n\t\t\t\t\t<\/div>\n\t\t\t\t<\/div>\n\t\t<div class=\"elementor-element elementor-element-d179264 e-flex e-con-boxed e-con e-parent\" data-id=\"d179264\" data-element_type=\"container\">\n\t\t\t\t\t<div class=\"e-con-inner\">\n\t\t<div class=\"elementor-element elementor-element-82c7215 e-con-full e-flex e-con e-child\" data-id=\"82c7215\" data-element_type=\"container\">\n\t\t\t\t<div class=\"elementor-element elementor-element-710e84b elementor-widget elementor-widget-image\" data-id=\"710e84b\" data-element_type=\"widget\" data-widget_type=\"image.default\">\n\t\t\t\t<div class=\"elementor-widget-container\">\n\t\t\t<style>\/*! elementor - v3.21.0 - 26-05-2024 *\/\n.elementor-widget-image{text-align:center}.elementor-widget-image a{display:inline-block}.elementor-widget-image a img[src$=\".svg\"]{width:48px}.elementor-widget-image img{vertical-align:middle;display:inline-block}<\/style>\t\t\t\t\t\t\t\t\t\t<img decoding=\"async\" width=\"826\" height=\"551\" src=\"https:\/\/grupoabiz.com\/wp-content\/uploads\/2024\/06\/muro-piedra-contencion-junto-carretera-malla-acero-muro-gaviones_2080-645.jpg\" class=\"attachment-full size-full wp-image-38\" alt=\"\" srcset=\"https:\/\/grupoabiz.com\/wp-content\/uploads\/2024\/06\/muro-piedra-contencion-junto-carretera-malla-acero-muro-gaviones_2080-645.jpg 826w, https:\/\/grupoabiz.com\/wp-content\/uploads\/2024\/06\/muro-piedra-contencion-junto-carretera-malla-acero-muro-gaviones_2080-645-300x200.jpg 300w, https:\/\/grupoabiz.com\/wp-content\/uploads\/2024\/06\/muro-piedra-contencion-junto-carretera-malla-acero-muro-gaviones_2080-645-768x512.jpg 768w\" sizes=\"(max-width: 826px) 100vw, 826px\" \/>\t\t\t\t\t\t\t\t\t\t\t\t\t<\/div>\n\t\t\t\t<\/div>\n\t\t\t\t<\/div>\n\t\t<div class=\"elementor-element elementor-element-e6552f6 e-con-full e-flex e-con e-child\" data-id=\"e6552f6\" data-element_type=\"container\">\n\t\t\t\t<div class=\"elementor-element elementor-element-778401d elementor-widget elementor-widget-text-editor\" data-id=\"778401d\" data-element_type=\"widget\" data-widget_type=\"text-editor.default\">\n\t\t\t\t<div class=\"elementor-widget-container\">\n\t\t\t\t\t\t\t<h1 style=\"font-size: 3.55556rem; font-style: normal;\">&nbsp; &nbsp; &nbsp; &nbsp; &nbsp;GRUPO ABIZ<\/h1>\n<h5 style=\"font-style: normal;\">En Grupo Abiz llevamos a\u00f1os de experiencia en la fabricaci\u00f3n de Gavi\u00f3n y Malla Triple Torsi\u00f3n.<br>Contamos con la capacidad y la log\u00edstica para llevar nuestros materiales a todo el mundo.<\/h5>\t\t\t\t\t\t<\/div>\n\t\t\t\t<\/div>\n\t\t\t\t<\/div>\n\t\t\t\t\t<\/div>\n\t\t\t\t<\/div>\n\t\t\t\t<\/div>\n\t\t","protected":false},"excerpt":{"rendered":"<p>&nbsp; &nbsp; &nbsp; &nbsp; &nbsp;GRUPO ABIZ En Grupo Abiz llevamos a\u00f1os de experiencia en la fabricaci\u00f3n de Gavi\u00f3n y Malla [&hellip;]<\/p>\n","protected":false},"author":1,"featured_media":0,"parent":0,"menu_order":0,"comment_status":"closed","ping_status":"closed","template":"","meta":{"site-sidebar-layout":"default","site-content-layout":"","ast-site-content-layout":"full-width-container","site-content-style":"default","site-sidebar-style":"default","ast-global-header-display":"","ast-banner-title-visibility":"","ast-main-header-display":"","ast-hfb-above-header-display":"","ast-hfb-below-header-display":"","ast-hfb-mobile-header-display":"","site-post-title":"","ast-breadcrumbs-content":"","ast-featured-img":"","footer-sml-layout":"","theme-transparent-header-meta":"","adv-header-id-meta":"","stick-header-meta":"","header-above-stick-meta":"","header-main-stick-meta":"","header-below-stick-meta":"","astra-migrate-meta-layouts":"default","ast-page-background-enabled":"default","ast-page-background-meta":{"desktop":{"background-color":"var(--ast-global-color-4)","background-image":"","background-repeat":"repeat","background-position":"center center","background-size":"auto","background-attachment":"scroll","background-type":"","background-media":"","overlay-type":"","overlay-color":"","overlay-opacity":"","overlay-gradient":""},"tablet":{"background-color":"","background-image":"","background-repeat":"repeat","background-position":"center center","background-size":"auto","background-attachment":"scroll","background-type":"","background-media":"","overlay-type":"","overlay-color":"","overlay-opacity":"","overlay-gradient":""},"mobile":{"background-color":"","background-image":"","background-repeat":"repeat","background-position":"center center","background-size":"auto","background-attachment":"scroll","background-type":"","background-media":"","overlay-type":"","overlay-color":"","overlay-opacity":"","overlay-gradient":""}},"ast-content-background-meta":{"desktop":{"background-color":"var(--ast-global-color-5)","background-image":"","background-repeat":"repeat","background-position":"center center","background-size":"auto","background-attachment":"scroll","background-type":"","background-media":"","overlay-type":"","overlay-color":"","overlay-opacity":"","overlay-gradient":""},"tablet":{"background-color":"var(--ast-global-color-5)","background-image":"","background-repeat":"repeat","background-position":"center center","background-size":"auto","background-attachment":"scroll","background-type":"","background-media":"","overlay-type":"","overlay-color":"","overlay-opacity":"","overlay-gradient":""},"mobile":{"background-color":"var(--ast-global-color-5)","background-image":"","background-repeat":"repeat","background-position":"center center","background-size":"auto","background-attachment":"scroll","background-type":"","background-media":"","overlay-type":"","overlay-color":"","overlay-opacity":"","overlay-gradient":""}},"footnotes":""},"class_list":["post-10","page","type-page","status-publish","hentry"],"_links":{"self":[{"href":"https:\/\/grupoabiz.com\/index.php\/wp-json\/wp\/v2\/pages\/10","targetHints":{"allow":["GET"]}}],"collection":[{"href":"https:\/\/grupoabiz.com\/index.php\/wp-json\/wp\/v2\/pages"}],"about":[{"href":"https:\/\/grupoabiz.com\/index.php\/wp-json\/wp\/v2\/types\/page"}],"author":[{"embeddable":true,"href":"https:\/\/grupoabiz.com\/index.php\/wp-json\/wp\/v2\/users\/1"}],"replies":[{"embeddable":true,"href":"https:\/\/grupoabiz.com\/index.php\/wp-json\/wp\/v2\/comments?post=10"}],"version-history":[{"count":4,"href":"https:\/\/grupoabiz.com\/index.php\/wp-json\/wp\/v2\/pages\/10\/revisions"}],"predecessor-version":[{"id":44,"href":"https:\/\/grupoabiz.com\/index.php\/wp-json\/wp\/v2\/pages\/10\/revisions\/44"}],"wp:attachment":[{"href":"https:\/\/grupoabiz.com\/index.php\/wp-json\/wp\/v2\/media?parent=10"}],"curies":[{"name":"wp","href":"https:\/\/api.w.org\/{rel}","templated":true}]}}